{"id":15,"date":"2025-04-02T14:13:48","date_gmt":"2025-04-02T14:13:48","guid":{"rendered":"https:\/\/obaidahacademy.com\/?page_id=15"},"modified":"2025-04-02T14:18:48","modified_gmt":"2025-04-02T14:18:48","slug":"refund_returns","status":"publish","type":"page","link":"https:\/\/obaidahacademy.com\/en\/refund_returns\/","title":{"rendered":"\u0633\u064a\u0627\u0633\u0629 \u0627\u0633\u062a\u0631\u062f\u0627\u062f \u0627\u0644\u0645\u0628\u0627\u0644\u063a \u0627\u0644\u0645\u062f\u0641\u0648\u0639\u0629 \u0648\u0639\u0645\u0644\u064a\u0627\u062a \u0627\u0644\u0625\u0631\u062c\u0627\u0639"},"content":{"rendered":"<h3><strong data-spm-anchor-id=\"a2ty_o01.29997173.0.i45.681d3c31ElONZD\">Teslimat ve \u0130ade \u015eartlar\u0131 - Obaidah Academy<\/strong><\/h3>\r\n<p><strong>1. Teslimat Ko\u015fullar\u0131:<\/strong><\/p>\r\n<ul>\r\n<li>\r\n<p class=\"translation-block\">Kurs \u0130\u00e7eriklerine Eri\u015fim:\nObaidah Academy taraf\u0131ndan sunulan t\u00fcm \u00e7evrimi\u00e7i kurslar, \u00f6deme i\u015fleminin tamamlanmas\u0131ndan hemen sonra \u00f6\u011frencilere teslim edilir. Kurs materyallerine eri\u015fim, platformumuzdaki ki\u015fisel hesab\u0131n\u0131z \u00fczerinden sa\u011flan\u0131r.<\/p>\r\n<\/li>\r\n<li>\r\n<p class=\"translation-block\"><strong>Eri\u015fim S\u00fcresi:<\/strong><br>\nKurslara verilen eri\u015fim s\u00fcresi, kurs t\u00fcr\u00fcne g\u00f6re de\u011fi\u015fiklik g\u00f6sterebilir. \u00d6rne\u011fin, k\u0131sa s\u00fcreli diplomalar i\u00e7in 4 ay veya 1 y\u0131ll\u0131k programlar i\u00e7in belirlenen s\u00fcre boyunca \u00f6\u011frencilerimize eri\u015fim hakk\u0131 tan\u0131n\u0131r. Bu s\u00fcreler, kurs sat\u0131n alma i\u015flemi s\u0131ras\u0131nda size net bir \u015fekilde bildirilir.<\/p>\r\n<\/li>\r\n<li>\r\n<p><strong>Teknik Destek:<\/strong><br \/>Teknik Destek:\nKurslara eri\u015fimde herhangi bir sorun ya\u015farsan\u0131z, teknik destek ekibimiz 7\/24 size yard\u0131mc\u0131 olmak i\u00e7in haz\u0131rd\u0131r. Sorunlar\u0131n\u0131z\u0131 en k\u0131sa s\u00fcrede \u00e7\u00f6zmek i\u00e7in bize ileti\u015fim sayfam\u0131zdan ula\u015fabilirsiniz.<\/p>\r\n<\/li>\r\n<\/ul>\r\n<div class=\"my-2\">\u00a0<\/div>\r\n<hr \/>\r\n<p><strong>2. \u0130ade Politikas\u0131:<\/strong><\/p>\r\n<div class=\"my-2\">\u00a0<\/div>\r\n<ul>\r\n<li>\r\n<p class=\"translation-block\"><strong>\u0130ptal ve \u0130ade Ko\u015fullar\u0131:<\/strong><br>\nObaidah Academy, kurs i\u00e7eri\u011finin dijital do\u011fas\u0131 gere\u011fi, genel olarak sat\u0131n al\u0131nan kurslar i\u00e7in iptal veya iade kabul etmemektedir. Ancak a\u015fa\u011f\u0131daki durumlarda istisnalar bulunabilir:<\/p>\r\n<div class=\"my-2\">\u00a0<\/div>\r\n<ul>\r\n<li>\r\n<p><strong>Teknik Sorunlar: <\/strong>Teknik Sorunlar: E\u011fer kurs i\u00e7eri\u011fine eri\u015fimde ciddi bir teknik problem ya\u015fan\u0131rsa ve bu sorun bizim kontrol\u00fcm\u00fcz d\u0131\u015f\u0131nda ise, \u00f6\u011frencilerimize alternatif \u00e7\u00f6z\u00fcmler sunulur veya gerekti\u011finde \u00fccret iadesi yap\u0131l\u0131r.<\/p>\r\n<\/li>\r\n<li>\r\n<p><strong>Yanl\u0131\u015f Kurs Sat\u0131n Alma: <\/strong>Yanl\u0131\u015f Kurs Sat\u0131n Alma: Yanl\u0131\u015f kursu sat\u0131n ald\u0131\u011f\u0131n\u0131z\u0131 d\u00fc\u015f\u00fcnen \u00f6\u011frencilerimiz, sat\u0131n alma i\u015flemini takiben 24 saat i\u00e7inde m\u00fc\u015fteri hizmetlerimizle ileti\u015fime ge\u00e7erek iade talebinde bulunabilirler. Bu s\u00fcre\u00e7te \u00f6deme k\u0131smen veya tamamen iade edilebilir.<\/p>\r\n<\/li>\r\n<li>\r\n<p><strong>Kurs Kalitesiyle \u0130lgili Memnuniyetsizlik: <\/strong>Kurs Kalitesiyle \u0130lgili Memnuniyetsizlik: E\u011fer kurs i\u00e7eri\u011fi, tan\u0131t\u0131mda belirtilen hizmetlerden \u00f6nemli \u00f6l\u00e7\u00fcde farkl\u0131ysa ve bu durum size \u00f6nceden bildirilmemi\u015fse, iade de\u011ferlendirmesi yap\u0131labilir.<\/p>\r\n<\/li>\r\n<\/ul>\r\n<\/li>\r\n<li>\r\n<p><strong>\u0130ade Talep S\u00fcreci:<\/strong><br \/>\u0130ade Talep S\u00fcreci:\n\u0130ade talepleri i\u00e7in l\u00fctfen ileti\u015fim sayfam\u0131zdaki formu doldurarak veya e-posta yoluyla bizimle ileti\u015fime ge\u00e7iniz. Talebiniz, ilgili ekibimiz taraf\u0131ndan incelenir ve en k\u0131sa s\u00fcrede size d\u00f6n\u00fc\u015f yap\u0131l\u0131r.<\/p>\r\n<\/li>\r\n<li>\r\n<p><strong>\u0130ade S\u00fcresi:<\/strong><br \/>\u0130ade S\u00fcresi:\n\u0130ade talepleri onayland\u0131ktan sonra, iade s\u00fcreci genellikle 5 ila 10 i\u015f g\u00fcn\u00fc i\u00e7inde tamamlan\u0131r. \u0130ade i\u015flemleri, \u00f6deme y\u00f6nteminize ba\u011fl\u0131 olarak farkl\u0131l\u0131k g\u00f6sterebilir.<\/p>\r\n<\/li>\r\n<\/ul>\r\n<div class=\"my-2\">\u00a0<\/div>\r\n<hr \/>\r\n<p><strong>3. Di\u011fer Ko\u015fullar:<\/strong><\/p>\r\n<div class=\"my-2\">\u00a0<\/div>\r\n<ul>\r\n<li>\r\n<p><strong>Hesap Payla\u015f\u0131m\u0131:<\/strong><br \/>Kurs i\u00e7erikleri, yaln\u0131zca sat\u0131n alan \u00f6\u011frenci i\u00e7in tasarlanm\u0131\u015ft\u0131r. Hesap payla\u015f\u0131m\u0131 veya \u00fc\u00e7\u00fcnc\u00fc \u015fah\u0131slarla i\u00e7erik payla\u015f\u0131m\u0131 kesinlikle yasakt\u0131r. Bu t\u00fcr durumlarda, eri\u015fim izni iptal edilebilir ve iade hakk\u0131 ge\u00e7ersiz say\u0131l\u0131r.<\/p>\r\n<\/li>\r\n<li>\r\n<p class=\"translation-block\">Kurs \u0130\u00e7eri\u011fi G\u00fcncellemeleri:\nObaidah Academy, kurslar\u0131n kalitesini art\u0131rmak amac\u0131yla i\u00e7erik g\u00fcncellemeleri yapabilir. Bu g\u00fcncellemeler \u00f6\u011frencilere ekstra bir maliyet getirmez ve otomatik olarak hesaplar\u0131n\u0131za yans\u0131t\u0131l\u0131r.<\/p>\r\n<\/li>\r\n<li>\r\n<p class=\"translation-block\">Program \u0130ptali:\nOla\u011fan\u00fcst\u00fc durumlar veya yeterli kat\u0131l\u0131mc\u0131 say\u0131s\u0131na ula\u015f\u0131lamamas\u0131 gibi sebeplerle bir kurs iptal edilirse, \u00f6\u011frencilere tam iade yap\u0131l\u0131r veya alternatif bir kurs \u00f6nerilir.<\/p>\r\n<\/li>\r\n<\/ul>\r\n<div class=\"my-2\">\u00a0<\/div>\r\n<hr \/>\r\n<p><strong>4. Yasal Uyar\u0131:<\/strong><\/p>\r\n<div class=\"my-2\">\u00a0<\/div>\r\n<ul>\r\n<li class=\"translation-block\">Obaidah Academy, bu teslimat ve iade \u015fartlar\u0131n\u0131 herhangi bir zamanda de\u011fi\u015ftirme hakk\u0131n\u0131 sakl\u0131 tutar. Ancak, bu de\u011fi\u015fiklikler sadece yeni sat\u0131n almalar i\u00e7in ge\u00e7erli olacakt\u0131r. Mevcut \u00f6\u011frenciler, sat\u0131n alma an\u0131nda ge\u00e7erli olan ko\u015fullara tabidir.<\/li>\r\n<\/ul>\r\n<div class=\"my-2\">\u00a0<\/div>\r\n<hr \/>\r\n<p class=\"translation-block\">Herhangi bir sorunuz veya ek bilgi talebiniz varsa, l\u00fctfen m\u00fc\u015fteri hizmetlerimizle ileti\u015fime ge\u00e7mekten \u00e7ekinmeyin. E\u011fitim yolculu\u011funuzda size yard\u0131mc\u0131 olmaktan mutluluk duyar\u0131z!<\/p>\r\n<div class=\"my-2\">\u00a0<\/div>\r\n<p><strong>Obaidah Academy Ekibi<\/strong><\/p>","protected":false},"excerpt":{"rendered":"<p>\u0634\u0631\u0648\u0637 \u0627\u0644\u062a\u0633\u0644\u064a\u0645 \u0648\u0627\u0644\u0625\u0631\u062c\u0627\u0639 &#8211; Obaidah Academy 1. \u0634\u0631\u0648\u0637 \u0627\u0644\u062a\u0633\u0644\u064a\u0645: \u0627\u0644\u0648\u0635\u0648\u0644 \u0625\u0644\u0649 \u0645\u062d\u062a\u0648\u0649&#8230;<\/p>","protected":false},"author":1,"featured_media":0,"parent":0,"menu_order":0,"comment_status":"closed","ping_status":"closed","template":"","meta":{"footnotes":""},"class_list":["post-15","page","type-page","status-publish","hentry"],"post-meta":{"_edit_lock":["1743603420:1"],"_edit_last":["1"],"_wp_page_template":["default"],"site-container":["default"],"site-header-transparent":["default"],"site-page-header":["default"],"site-sidebar":["default"]},"_links":{"self":[{"href":"https:\/\/obaidahacademy.com\/en\/wp-json\/wp\/v2\/pages\/15","targetHints":{"allow":["GET"]}}],"collection":[{"href":"https:\/\/obaidahacademy.com\/en\/wp-json\/wp\/v2\/pages"}],"about":[{"href":"https:\/\/obaidahacademy.com\/en\/wp-json\/wp\/v2\/types\/page"}],"author":[{"embeddable":true,"href":"https:\/\/obaidahacademy.com\/en\/wp-json\/wp\/v2\/users\/1"}],"replies":[{"embeddable":true,"href":"https:\/\/obaidahacademy.com\/en\/wp-json\/wp\/v2\/comments?post=15"}],"version-history":[{"count":3,"href":"https:\/\/obaidahacademy.com\/en\/wp-json\/wp\/v2\/pages\/15\/revisions"}],"predecessor-version":[{"id":1068,"href":"https:\/\/obaidahacademy.com\/en\/wp-json\/wp\/v2\/pages\/15\/revisions\/1068"}],"wp:attachment":[{"href":"https:\/\/obaidahacademy.com\/en\/wp-json\/wp\/v2\/media?parent=15"}],"curies":[{"name":"wp","href":"https:\/\/api.w.org\/{rel}","templated":true}]}}